{"id":30,"date":"2020-10-05T13:31:56","date_gmt":"2020-10-05T13:31:56","guid":{"rendered":"http:\/\/stalbex.cluster030.hosting.ovh.net\/?page_id=30"},"modified":"2022-08-01T15:18:46","modified_gmt":"2022-08-01T15:18:46","slug":"kontakt","status":"publish","type":"page","link":"https:\/\/stalber.pl\/index.php\/kontakt\/","title":{"rendered":"Kontakt"},"content":{"rendered":"\n<p>STALBER ALBERSKI J\u00d3ZEF<\/p>\n\n\n\n<p><strong>Kod pocztowy<\/strong>: 39-103<\/p>\n\n\n\n<p><strong>Miejscowo\u015b\u0107<\/strong>: <a href=\"https:\/\/www.firmagodnazaufania.pl\/companies,95688,ostrow\">Ostr\u00f3w<\/a><\/p>\n\n\n\n<p><strong>Ulica<\/strong>: Kozodrza <strong>506<\/strong><\/p>\n\n\n\n<p><strong>NIP<\/strong>: 8181126759<\/p>\n\n\n\n<p><strong>Telefon<\/strong>: <a href=\"tel:600665024\">600665024<\/a><\/p>\n\n\n\n<p>E-mail : stalber@wp.pl<\/p>\n\n\n\n<h2>Informacje handlowe<\/h2>\n\n\n\n<p>Nazwa rejestrowa Stalber Alberski J\u00f3zef<\/p>\n\n\n\n<p> NIP 8181126759<\/p>\n\n\n\n<p> REGON 181011931<\/p>\n\n\n\n<p> Rok za\u0142o\u017cenia 2013<\/p>\n\n\n\n<h2><\/h2>\n","protected":false},"excerpt":{"rendered":"<p>STALBER ALBERSKI J\u00d3ZEF Kod pocztowy: 39-103 Miejscowo\u015b\u0107: Ostr\u00f3w Ulica: Kozodrza 506 NIP: 8181126759 Telefon: 600665024 E-mail : stalber@wp.pl Informacje handlowe Nazwa rejestrowa Stalber Alberski J\u00f3zef NIP 8181126759 REGON 181011931 Rok za\u0142o\u017cenia 2013<\/p>\n","protected":false},"author":1,"featured_media":0,"parent":0,"menu_order":0,"comment_status":"closed","ping_status":"closed","template":"","meta":[],"_links":{"self":[{"href":"https:\/\/stalber.pl\/index.php\/wp-json\/wp\/v2\/pages\/30"}],"collection":[{"href":"https:\/\/stalber.pl\/index.php\/wp-json\/wp\/v2\/pages"}],"about":[{"href":"https:\/\/stalber.pl\/index.php\/wp-json\/wp\/v2\/types\/page"}],"author":[{"embeddable":true,"href":"https:\/\/stalber.pl\/index.php\/wp-json\/wp\/v2\/users\/1"}],"replies":[{"embeddable":true,"href":"https:\/\/stalber.pl\/index.php\/wp-json\/wp\/v2\/comments?post=30"}],"version-history":[{"count":8,"href":"https:\/\/stalber.pl\/index.php\/wp-json\/wp\/v2\/pages\/30\/revisions"}],"predecessor-version":[{"id":3891,"href":"https:\/\/stalber.pl\/index.php\/wp-json\/wp\/v2\/pages\/30\/revisions\/3891"}],"wp:attachment":[{"href":"https:\/\/stalber.pl\/index.php\/wp-json\/wp\/v2\/media?parent=30"}],"curies":[{"name":"wp","href":"https:\/\/api.w.org\/{rel}","templated":true}]}}