{"id":6,"date":"2020-10-05T12:59:40","date_gmt":"2020-10-05T12:59:40","guid":{"rendered":"http:\/\/stalbex.cluster030.hosting.ovh.net\/?page_id=6"},"modified":"2022-08-18T06:38:09","modified_gmt":"2022-08-18T06:38:09","slug":"start","status":"publish","type":"page","link":"https:\/\/stalber.pl\/","title":{"rendered":"Start"},"content":{"rendered":"\n<p><strong>Produkcja konstrukcji stalowych i aluminiowych  maj\u0105cych zastosowanie w budownictwie przemys\u0142owym oraz budowie maszyn i urz\u0105dze\u0144.<\/strong><\/p>\n\n\n\n<p><\/p>\n","protected":false},"excerpt":{"rendered":"<p>Produkcja konstrukcji stalowych i aluminiowych maj\u0105cych zastosowanie w budownictwie przemys\u0142owym oraz budowie maszyn i urz\u0105dze\u0144.<\/p>\n","protected":false},"author":1,"featured_media":0,"parent":0,"menu_order":0,"comment_status":"closed","ping_status":"closed","template":"","meta":[],"_links":{"self":[{"href":"https:\/\/stalber.pl\/index.php\/wp-json\/wp\/v2\/pages\/6"}],"collection":[{"href":"https:\/\/stalber.pl\/index.php\/wp-json\/wp\/v2\/pages"}],"about":[{"href":"https:\/\/stalber.pl\/index.php\/wp-json\/wp\/v2\/types\/page"}],"author":[{"embeddable":true,"href":"https:\/\/stalber.pl\/index.php\/wp-json\/wp\/v2\/users\/1"}],"replies":[{"embeddable":true,"href":"https:\/\/stalber.pl\/index.php\/wp-json\/wp\/v2\/comments?post=6"}],"version-history":[{"count":7,"href":"https:\/\/stalber.pl\/index.php\/wp-json\/wp\/v2\/pages\/6\/revisions"}],"predecessor-version":[{"id":3895,"href":"https:\/\/stalber.pl\/index.php\/wp-json\/wp\/v2\/pages\/6\/revisions\/3895"}],"wp:attachment":[{"href":"https:\/\/stalber.pl\/index.php\/wp-json\/wp\/v2\/media?parent=6"}],"curies":[{"name":"wp","href":"https:\/\/api.w.org\/{rel}","templated":true}]}}