{"id":60,"date":"2020-10-05T14:31:08","date_gmt":"2020-10-05T14:31:08","guid":{"rendered":"http:\/\/stalbex.cluster030.hosting.ovh.net\/?page_id=60"},"modified":"2022-08-18T07:14:40","modified_gmt":"2022-08-18T07:14:40","slug":"oferta","status":"publish","type":"page","link":"https:\/\/stalber.pl\/index.php\/oferta\/","title":{"rendered":"Oferta naszej firmy:"},"content":{"rendered":"\n<ul><li>budowa konstrukcji hal, cz\u0119\u015bci maszyn, mebli stalowych, barier drogowych, kontener\u00f3w przemys\u0142owych, itp.<\/li><li>obr\u00f3bka stali konstrukcyjnej, stali o zwi\u0119kszonej wytrzyma\u0142o\u015bci, aluminium oraz stali nierdzewnych,<\/li><li>ci\u0119cie na pile, ci\u0119cie plazmowe, ci\u0119cie gazowe, wiercenie, gwintowanie, gi\u0119cie, wybijanie otwor\u00f3w, ukosowanie blach oraz spawanie,<\/li><li>ocynkowanie element\u00f3w oraz malowanie proszkowe,<\/li><\/ul>\n\n\n\n<p><\/p>\n","protected":false},"excerpt":{"rendered":"<p>budowa konstrukcji hal, cz\u0119\u015bci maszyn, mebli stalowych, barier drogowych, kontener\u00f3w przemys\u0142owych, itp. obr\u00f3bka stali konstrukcyjnej, stali o zwi\u0119kszonej wytrzyma\u0142o\u015bci, aluminium oraz stali nierdzewnych, ci\u0119cie na pile, ci\u0119cie plazmowe, ci\u0119cie gazowe, wiercenie, gwintowanie, gi\u0119cie, wybijanie otwor\u00f3w, ukosowanie blach oraz spawanie, ocynkowanie element\u00f3w oraz malowanie proszkowe,<\/p>\n","protected":false},"author":1,"featured_media":0,"parent":0,"menu_order":0,"comment_status":"closed","ping_status":"closed","template":"","meta":[],"_links":{"self":[{"href":"https:\/\/stalber.pl\/index.php\/wp-json\/wp\/v2\/pages\/60"}],"collection":[{"href":"https:\/\/stalber.pl\/index.php\/wp-json\/wp\/v2\/pages"}],"about":[{"href":"https:\/\/stalber.pl\/index.php\/wp-json\/wp\/v2\/types\/page"}],"author":[{"embeddable":true,"href":"https:\/\/stalber.pl\/index.php\/wp-json\/wp\/v2\/users\/1"}],"replies":[{"embeddable":true,"href":"https:\/\/stalber.pl\/index.php\/wp-json\/wp\/v2\/comments?post=60"}],"version-history":[{"count":11,"href":"https:\/\/stalber.pl\/index.php\/wp-json\/wp\/v2\/pages\/60\/revisions"}],"predecessor-version":[{"id":3899,"href":"https:\/\/stalber.pl\/index.php\/wp-json\/wp\/v2\/pages\/60\/revisions\/3899"}],"wp:attachment":[{"href":"https:\/\/stalber.pl\/index.php\/wp-json\/wp\/v2\/media?parent=60"}],"curies":[{"name":"wp","href":"https:\/\/api.w.org\/{rel}","templated":true}]}}